{"id":1063,"date":"2025-10-14T21:59:45","date_gmt":"2025-10-14T21:59:45","guid":{"rendered":"https:\/\/www.detinjstvo.rs\/?page_id=1063"},"modified":"2025-10-14T22:06:27","modified_gmt":"2025-10-14T22:06:27","slug":"hoome","status":"publish","type":"page","link":"https:\/\/www.detinjstvo.rs\/en\/","title":{"rendered":"Hoome"},"content":{"rendered":"<div data-elementor-type=\"wp-page\" data-elementor-id=\"1063\" class=\"elementor elementor-1063\" data-elementor-post-type=\"page\">\n\t\t\t\t<div class=\"elementor-element elementor-element-f982f43 e-con-full e-flex e-con e-parent\" data-id=\"f982f43\" data-element_type=\"container\" data-settings=\"{&quot;background_background&quot;:&quot;video&quot;,&quot;background_video_link&quot;:&quot;https:\\\/\\\/www.detinjstvo.rs\\\/wp-content\\\/uploads\\\/2025\\\/01\\\/BORAVAK-DECA_02_122.mp4&quot;}\">\n\t\t<div class=\"elementor-background-video-container elementor-hidden-mobile\" aria-hidden=\"true\">\n\t\t\t\t\t\t\t<video class=\"elementor-background-video-hosted\" autoplay muted playsinline loop><\/video>\n\t\t\t\t\t<\/div>\t\t<div class=\"elementor-element elementor-element-c57c755 elementor-widget elementor-widget-image\" data-id=\"c57c755\" data-element_type=\"widget\" data-widget_type=\"image.default\">\n\t\t\t\t<div class=\"elementor-widget-container\">\n\t\t\t\t\t\t\t\t\t\t\t\t\t\t\t<img fetchpriority=\"high\" decoding=\"async\" width=\"800\" height=\"207\" src=\"https:\/\/www.detinjstvo.rs\/wp-content\/uploads\/2024\/12\/logo-Detinjstvo2-1024x265.png\" class=\"attachment-large size-large wp-image-320\" alt=\"\" srcset=\"https:\/\/www.detinjstvo.rs\/wp-content\/uploads\/2024\/12\/logo-Detinjstvo2-1024x265.png 1024w, https:\/\/www.detinjstvo.rs\/wp-content\/uploads\/2024\/12\/logo-Detinjstvo2-300x78.png 300w, https:\/\/www.detinjstvo.rs\/wp-content\/uploads\/2024\/12\/logo-Detinjstvo2-768x199.png 768w, https:\/\/www.detinjstvo.rs\/wp-content\/uploads\/2024\/12\/logo-Detinjstvo2-1536x398.png 1536w, https:\/\/www.detinjstvo.rs\/wp-content\/uploads\/2024\/12\/logo-Detinjstvo2-18x5.png 18w, https:\/\/www.detinjstvo.rs\/wp-content\/uploads\/2024\/12\/logo-Detinjstvo2.png 1834w\" sizes=\"(max-width: 800px) 100vw, 800px\" \/>\t\t\t\t\t\t\t\t\t\t\t\t\t\t\t<\/div>\n\t\t\t\t<\/div>\n\t\t\t\t<div class=\"elementor-element elementor-element-dc7353a elementor-widget-divider--view-line elementor-widget elementor-widget-divider\" data-id=\"dc7353a\" data-element_type=\"widget\" data-widget_type=\"divider.default\">\n\t\t\t\t<div class=\"elementor-widget-container\">\n\t\t\t\t\t\t\t<div class=\"elementor-divider\">\n\t\t\t<span class=\"elementor-divider-separator\">\n\t\t\t\t\t\t<\/span>\n\t\t<\/div>\n\t\t\t\t\t\t<\/div>\n\t\t\t\t<\/div>\n\t\t\t\t<div class=\"elementor-element elementor-element-fbefff0 elementor-widget elementor-widget-heading\" data-id=\"fbefff0\" data-element_type=\"widget\" data-widget_type=\"heading.default\">\n\t\t\t\t<div class=\"elementor-widget-container\">\n\t\t\t\t\t<h2 class=\"elementor-heading-title elementor-size-default\">Ups! Na\u0161 sajt pravi malu pauzu.<\/h2>\t\t\t\t<\/div>\n\t\t\t\t<\/div>\n\t\t\t\t<div class=\"elementor-element elementor-element-5c6a75d elementor-widget elementor-widget-heading\" data-id=\"5c6a75d\" data-element_type=\"widget\" data-widget_type=\"heading.default\">\n\t\t\t\t<div class=\"elementor-widget-container\">\n\t\t\t\t\t<h2 class=\"elementor-heading-title elementor-size-default\">Uskoro se vra\u0107amo sa novim sadr\u017eajem i lep\u0161im izgledom!<\/h2>\t\t\t\t<\/div>\n\t\t\t\t<\/div>\n\t\t\t\t<div class=\"elementor-element elementor-element-6212403 elementor-widget elementor-widget-heading\" data-id=\"6212403\" data-element_type=\"widget\" data-widget_type=\"heading.default\">\n\t\t\t\t<div class=\"elementor-widget-container\">\n\t\t\t\t\t<h2 class=\"elementor-heading-title elementor-size-default\">Hvala \u0161to ste uz nas!<\/h2>\t\t\t\t<\/div>\n\t\t\t\t<\/div>\n\t\t\t\t<\/div>\n\t\t\t\t<\/div>","protected":false},"excerpt":{"rendered":"<p>Ups! Na\u0161 sajt pravi malu pauzu. Uskoro se vra\u0107amo sa novim sadr\u017eajem i lep\u0161im izgledom! Hvala \u0161to ste uz nas!<\/p>","protected":false},"author":1,"featured_media":0,"parent":0,"menu_order":0,"comment_status":"closed","ping_status":"closed","template":"elementor_canvas","meta":{"footnotes":""},"class_list":["post-1063","page","type-page","status-publish","hentry"],"_links":{"self":[{"href":"https:\/\/www.detinjstvo.rs\/en\/wp-json\/wp\/v2\/pages\/1063","targetHints":{"allow":["GET"]}}],"collection":[{"href":"https:\/\/www.detinjstvo.rs\/en\/wp-json\/wp\/v2\/pages"}],"about":[{"href":"https:\/\/www.detinjstvo.rs\/en\/wp-json\/wp\/v2\/types\/page"}],"author":[{"embeddable":true,"href":"https:\/\/www.detinjstvo.rs\/en\/wp-json\/wp\/v2\/users\/1"}],"replies":[{"embeddable":true,"href":"https:\/\/www.detinjstvo.rs\/en\/wp-json\/wp\/v2\/comments?post=1063"}],"version-history":[{"count":4,"href":"https:\/\/www.detinjstvo.rs\/en\/wp-json\/wp\/v2\/pages\/1063\/revisions"}],"predecessor-version":[{"id":1069,"href":"https:\/\/www.detinjstvo.rs\/en\/wp-json\/wp\/v2\/pages\/1063\/revisions\/1069"}],"wp:attachment":[{"href":"https:\/\/www.detinjstvo.rs\/en\/wp-json\/wp\/v2\/media?parent=1063"}],"curies":[{"name":"wp","href":"https:\/\/api.w.org\/{rel}","templated":true}]}}