{"id":377,"date":"2025-01-26T18:17:21","date_gmt":"2025-01-26T18:17:21","guid":{"rendered":"https:\/\/www.detinjstvo.rs\/?page_id=377"},"modified":"2025-02-05T11:07:14","modified_gmt":"2025-02-05T11:07:14","slug":"rodendani","status":"publish","type":"page","link":"https:\/\/www.detinjstvo.rs\/en\/rodendani\/","title":{"rendered":"Birthdays"},"content":{"rendered":"<div data-elementor-type=\"wp-page\" data-elementor-id=\"377\" class=\"elementor elementor-377\" data-elementor-post-type=\"page\">\n\t\t\t\t<div class=\"elementor-element elementor-element-0d9929f e-flex e-con-boxed e-con e-parent\" data-id=\"0d9929f\" data-element_type=\"container\" data-settings=\"{&quot;background_background&quot;:&quot;slideshow&quot;,&quot;background_slideshow_gallery&quot;:[{&quot;id&quot;:343,&quot;url&quot;:&quot;https:\\\/\\\/www.detinjstvo.rs\\\/wp-content\\\/uploads\\\/2024\\\/12\\\/Hero-n0002new.jpg&quot;},{&quot;id&quot;:344,&quot;url&quot;:&quot;https:\\\/\\\/www.detinjstvo.rs\\\/wp-content\\\/uploads\\\/2024\\\/12\\\/Hero-n0003new.jpg&quot;}],&quot;background_slideshow_loop&quot;:&quot;yes&quot;,&quot;background_slideshow_slide_duration&quot;:5000,&quot;background_slideshow_slide_transition&quot;:&quot;fade&quot;,&quot;background_slideshow_transition_duration&quot;:500}\">\n\t\t\t\t\t<div class=\"e-con-inner\">\n\t\t<div class=\"elementor-element elementor-element-412446d e-con-full elementor-hidden-desktop elementor-hidden-tablet elementor-hidden-mobile e-flex e-con e-child\" data-id=\"412446d\" data-element_type=\"container\" data-settings=\"{&quot;background_background&quot;:&quot;classic&quot;}\">\n\t\t\t\t<\/div>\n\t\t\t\t\t<\/div>\n\t\t\t\t<\/div>\n\t\t<div class=\"elementor-element elementor-element-96e2bfe e-flex e-con-boxed e-con e-parent\" data-id=\"96e2bfe\" data-element_type=\"container\">\n\t\t\t\t\t<div class=\"e-con-inner\">\n\t\t<div class=\"elementor-element elementor-element-16bdcaf e-con-full e-flex e-con e-child\" data-id=\"16bdcaf\" data-element_type=\"container\">\n\t\t<div class=\"elementor-element elementor-element-ffe49ef e-con-full e-flex e-con e-child\" data-id=\"ffe49ef\" data-element_type=\"container\">\n\t\t<div class=\"elementor-element elementor-element-80eaaad e-con-full e-flex e-con e-child\" data-id=\"80eaaad\" data-element_type=\"container\">\n\t\t\t\t<div class=\"elementor-element elementor-element-b5295d9 elementor-widget elementor-widget-heading\" data-id=\"b5295d9\" data-element_type=\"widget\" data-widget_type=\"heading.default\">\n\t\t\t\t<div class=\"elementor-widget-container\">\n\t\t\t\t\t<h2 class=\"elementor-heading-title elementor-size-default\">Birthdays<\/h2>\t\t\t\t<\/div>\n\t\t\t\t<\/div>\n\t\t\t\t<div class=\"elementor-element elementor-element-7704388 elementor-widget-divider--view-line elementor-widget elementor-widget-divider\" data-id=\"7704388\" data-element_type=\"widget\" data-widget_type=\"divider.default\">\n\t\t\t\t<div class=\"elementor-widget-container\">\n\t\t\t\t\t\t\t<div class=\"elementor-divider\">\n\t\t\t<span class=\"elementor-divider-separator\">\n\t\t\t\t\t\t<\/span>\n\t\t<\/div>\n\t\t\t\t\t\t<\/div>\n\t\t\t\t<\/div>\n\t\t\t\t<div class=\"elementor-element elementor-element-9fc9c6b elementor-widget elementor-widget-heading\" data-id=\"9fc9c6b\" data-element_type=\"widget\" data-widget_type=\"heading.default\">\n\t\t\t\t<div class=\"elementor-widget-container\">\n\t\t\t\t\t<h2 class=\"elementor-heading-title elementor-size-default\">At the \"Detinjstvo\" Educational Center, we believe that every birthday is an opportunity for children to learn, explore, and have fun through creative activities. Our themed birthdays are a perfect combination of play, education, and fun, tailored to the interests and age of the birthday child. The selection is diverse, and each birthday is designed to stimulate imagination, teamwork, and the development of new skills. <\/h2>\t\t\t\t<\/div>\n\t\t\t\t<\/div>\n\t\t\t\t<div class=\"elementor-element elementor-element-d48c2ad elementor-widget elementor-widget-spacer\" data-id=\"d48c2ad\" data-element_type=\"widget\" data-widget_type=\"spacer.default\">\n\t\t\t\t<div class=\"elementor-widget-container\">\n\t\t\t\t\t\t\t<div class=\"elementor-spacer\">\n\t\t\t<div class=\"elementor-spacer-inner\"><\/div>\n\t\t<\/div>\n\t\t\t\t\t\t<\/div>\n\t\t\t\t<\/div>\n\t\t\t\t<div class=\"elementor-element elementor-element-10d9995 elementor-widget elementor-widget-heading\" data-id=\"10d9995\" data-element_type=\"widget\" data-widget_type=\"heading.default\">\n\t\t\t\t<div class=\"elementor-widget-container\">\n\t\t\t\t\t<h2 class=\"elementor-heading-title elementor-size-default\">Experimental birthday \n<\/h2>\t\t\t\t<\/div>\n\t\t\t\t<\/div>\n\t\t\t\t<div class=\"elementor-element elementor-element-da64b24 elementor-widget elementor-widget-heading\" data-id=\"da64b24\" data-element_type=\"widget\" data-widget_type=\"heading.default\">\n\t\t\t\t<div class=\"elementor-widget-container\">\n\t\t\t\t\t<h2 class=\"elementor-heading-title elementor-size-default\">For curious scientists who want to explore the world of chemistry, physics, and biology, the Experimental Birthday is the perfect choice! <\/br><\/br>Children will discover the wonders of science through fun and safe experiments, and with the help of our educators, they will learn how to follow procedures and create their own little scientific marvels. From making volcanic eruptions to magical chemical reactions \u2013 this birthday will be a real hit among little explorers!<\/h2>\t\t\t\t<\/div>\n\t\t\t\t<\/div>\n\t\t\t\t<\/div>\n\t\t<div class=\"elementor-element elementor-element-8a71f44 e-con-full e-flex e-con e-child\" data-id=\"8a71f44\" data-element_type=\"container\">\n\t\t\t\t<div class=\"elementor-element elementor-element-470c700 elementor-widget elementor-widget-image\" data-id=\"470c700\" data-element_type=\"widget\" data-widget_type=\"image.default\">\n\t\t\t\t<div class=\"elementor-widget-container\">\n\t\t\t\t\t\t\t\t\t\t\t\t\t\t\t<img fetchpriority=\"high\" decoding=\"async\" width=\"800\" height=\"534\" src=\"https:\/\/www.detinjstvo.rs\/wp-content\/uploads\/2025\/01\/image00007-1024x683.jpeg\" class=\"attachment-large size-large wp-image-527\" alt=\"\" srcset=\"https:\/\/www.detinjstvo.rs\/wp-content\/uploads\/2025\/01\/image00007-1024x683.jpeg 1024w, https:\/\/www.detinjstvo.rs\/wp-content\/uploads\/2025\/01\/image00007-300x200.jpeg 300w, https:\/\/www.detinjstvo.rs\/wp-content\/uploads\/2025\/01\/image00007-768x512.jpeg 768w, https:\/\/www.detinjstvo.rs\/wp-content\/uploads\/2025\/01\/image00007-1536x1024.jpeg 1536w, https:\/\/www.detinjstvo.rs\/wp-content\/uploads\/2025\/01\/image00007-2048x1366.jpeg 2048w\" sizes=\"(max-width: 800px) 100vw, 800px\" \/>\t\t\t\t\t\t\t\t\t\t\t\t\t\t\t<\/div>\n\t\t\t\t<\/div>\n\t\t\t\t<\/div>\n\t\t\t\t<\/div>\n\t\t\t\t<\/div>\n\t\t\t\t\t<\/div>\n\t\t\t\t<\/div>\n\t\t<div class=\"elementor-element elementor-element-8a1d37f e-flex e-con-boxed e-con e-parent\" data-id=\"8a1d37f\" data-element_type=\"container\">\n\t\t\t\t\t<div class=\"e-con-inner\">\n\t\t<div class=\"elementor-element elementor-element-d1c3276 e-con-full e-flex e-con e-child\" data-id=\"d1c3276\" data-element_type=\"container\">\n\t\t<div class=\"elementor-element elementor-element-1c6d768 e-con-full e-flex e-con e-child\" data-id=\"1c6d768\" data-element_type=\"container\">\n\t\t<div class=\"elementor-element elementor-element-6ace9db e-con-full e-flex e-con e-child\" data-id=\"6ace9db\" data-element_type=\"container\">\n\t\t\t\t<div class=\"elementor-element elementor-element-d6bfa15 elementor-widget elementor-widget-image\" data-id=\"d6bfa15\" data-element_type=\"widget\" data-widget_type=\"image.default\">\n\t\t\t\t<div class=\"elementor-widget-container\">\n\t\t\t\t\t\t\t\t\t\t\t\t\t\t\t<img decoding=\"async\" width=\"768\" height=\"1024\" src=\"https:\/\/www.detinjstvo.rs\/wp-content\/uploads\/2025\/01\/image00015-768x1024.jpeg\" class=\"attachment-large size-large wp-image-526\" alt=\"\" srcset=\"https:\/\/www.detinjstvo.rs\/wp-content\/uploads\/2025\/01\/image00015-768x1024.jpeg 768w, https:\/\/www.detinjstvo.rs\/wp-content\/uploads\/2025\/01\/image00015-225x300.jpeg 225w, https:\/\/www.detinjstvo.rs\/wp-content\/uploads\/2025\/01\/image00015-1152x1536.jpeg 1152w, https:\/\/www.detinjstvo.rs\/wp-content\/uploads\/2025\/01\/image00015-1536x2048.jpeg 1536w, https:\/\/www.detinjstvo.rs\/wp-content\/uploads\/2025\/01\/image00015-scaled.jpeg 1920w\" sizes=\"(max-width: 768px) 100vw, 768px\" \/>\t\t\t\t\t\t\t\t\t\t\t\t\t\t\t<\/div>\n\t\t\t\t<\/div>\n\t\t\t\t<\/div>\n\t\t<div class=\"elementor-element elementor-element-a7f536d e-con-full e-flex e-con e-child\" data-id=\"a7f536d\" data-element_type=\"container\">\n\t\t\t\t<div class=\"elementor-element elementor-element-4240ad6 elementor-widget elementor-widget-heading\" data-id=\"4240ad6\" data-element_type=\"widget\" data-widget_type=\"heading.default\">\n\t\t\t\t<div class=\"elementor-widget-container\">\n\t\t\t\t\t<h2 class=\"elementor-heading-title elementor-size-default\">Painting birthday \n<\/h2>\t\t\t\t<\/div>\n\t\t\t\t<\/div>\n\t\t\t\t<div class=\"elementor-element elementor-element-d81cfe5 elementor-widget elementor-widget-heading\" data-id=\"d81cfe5\" data-element_type=\"widget\" data-widget_type=\"heading.default\">\n\t\t\t\t<div class=\"elementor-widget-container\">\n\t\t\t\t\t<h2 class=\"elementor-heading-title elementor-size-default\">If your children love art, a painting birthday is the perfect opportunity for them to express their creativity and create their own masterpieces. <\/br><\/br>With professional materials and instructions from our art educators, children will learn the basics of painting, drawing, and illustration.<\/br><\/br> Each child will create their unique artwork, and at the end of the party, they will be able to take their creation home as a souvenir! <\/h2>\t\t\t\t<\/div>\n\t\t\t\t<\/div>\n\t\t\t\t<\/div>\n\t\t\t\t<\/div>\n\t\t\t\t<\/div>\n\t\t\t\t\t<\/div>\n\t\t\t\t<\/div>\n\t\t<div class=\"elementor-element elementor-element-abd6fe2 e-flex e-con-boxed e-con e-parent\" data-id=\"abd6fe2\" data-element_type=\"container\">\n\t\t\t\t\t<div class=\"e-con-inner\">\n\t\t<div class=\"elementor-element elementor-element-333c649 e-con-full e-flex e-con e-child\" data-id=\"333c649\" data-element_type=\"container\">\n\t\t<div class=\"elementor-element elementor-element-8126723 e-con-full e-flex e-con e-child\" data-id=\"8126723\" data-element_type=\"container\">\n\t\t<div class=\"elementor-element elementor-element-3323630 e-con-full e-flex e-con e-child\" data-id=\"3323630\" data-element_type=\"container\">\n\t\t\t\t<div class=\"elementor-element elementor-element-ef0498f elementor-widget elementor-widget-heading\" data-id=\"ef0498f\" data-element_type=\"widget\" data-widget_type=\"heading.default\">\n\t\t\t\t<div class=\"elementor-widget-container\">\n\t\t\t\t\t<h2 class=\"elementor-heading-title elementor-size-default\">Painting birthday \n<\/h2>\t\t\t\t<\/div>\n\t\t\t\t<\/div>\n\t\t\t\t<div class=\"elementor-element elementor-element-038b28d elementor-widget elementor-widget-heading\" data-id=\"038b28d\" data-element_type=\"widget\" data-widget_type=\"heading.default\">\n\t\t\t\t<div class=\"elementor-widget-container\">\n\t\t\t\t\t<h2 class=\"elementor-heading-title elementor-size-default\">For little ones who love movies and animations, a Movie Birthday Party is the perfect fun! \n<\/br><\/br>\nDuring this birthday party, children will watch the agreed-upon cartoon, and then engage in creative and educational activities that follow the theme of the movie. \n<\/br><\/br>\nThrough various games, workshops, and tasks, the little guests will connect with the characters and events from the movie, while developing creativity, teamwork, and imagination. Whether it's drawing characters from the movie, making costumes, or creating their own story inspired by the film, fun and learning will be guaranteed! \n<\/br><\/br>\nAt the end of the birthday, everyone will feel like true movie heroes. <\/h2>\t\t\t\t<\/div>\n\t\t\t\t<\/div>\n\t\t\t\t<\/div>\n\t\t<div class=\"elementor-element elementor-element-a704261 e-con-full e-flex e-con e-child\" data-id=\"a704261\" data-element_type=\"container\">\n\t\t\t\t<div class=\"elementor-element elementor-element-34a6975 elementor-widget elementor-widget-image\" data-id=\"34a6975\" data-element_type=\"widget\" data-widget_type=\"image.default\">\n\t\t\t\t<div class=\"elementor-widget-container\">\n\t\t\t\t\t\t\t\t\t\t\t\t\t\t\t<img decoding=\"async\" width=\"800\" height=\"534\" src=\"https:\/\/www.detinjstvo.rs\/wp-content\/uploads\/2025\/01\/image00005-1024x683.jpeg\" class=\"attachment-large size-large wp-image-558\" alt=\"\" srcset=\"https:\/\/www.detinjstvo.rs\/wp-content\/uploads\/2025\/01\/image00005-1024x683.jpeg 1024w, https:\/\/www.detinjstvo.rs\/wp-content\/uploads\/2025\/01\/image00005-300x200.jpeg 300w, https:\/\/www.detinjstvo.rs\/wp-content\/uploads\/2025\/01\/image00005-768x512.jpeg 768w, https:\/\/www.detinjstvo.rs\/wp-content\/uploads\/2025\/01\/image00005-1536x1024.jpeg 1536w, https:\/\/www.detinjstvo.rs\/wp-content\/uploads\/2025\/01\/image00005-2048x1366.jpeg 2048w\" sizes=\"(max-width: 800px) 100vw, 800px\" \/>\t\t\t\t\t\t\t\t\t\t\t\t\t\t\t<\/div>\n\t\t\t\t<\/div>\n\t\t\t\t<\/div>\n\t\t\t\t<\/div>\n\t\t\t\t<\/div>\n\t\t\t\t\t<\/div>\n\t\t\t\t<\/div>\n\t\t<div class=\"elementor-element elementor-element-77e799e e-flex e-con-boxed e-con e-parent\" data-id=\"77e799e\" data-element_type=\"container\">\n\t\t\t\t\t<div class=\"e-con-inner\">\n\t\t<div class=\"elementor-element elementor-element-ab2a58b e-con-full e-flex e-con e-child\" data-id=\"ab2a58b\" data-element_type=\"container\">\n\t\t<div class=\"elementor-element elementor-element-5b4c570 e-con-full e-flex e-con e-child\" data-id=\"5b4c570\" data-element_type=\"container\">\n\t\t<div class=\"elementor-element elementor-element-072ce9e e-con-full e-flex e-con e-child\" data-id=\"072ce9e\" data-element_type=\"container\">\n\t\t\t\t<div class=\"elementor-element elementor-element-9fea1f8 elementor-widget elementor-widget-image\" data-id=\"9fea1f8\" data-element_type=\"widget\" data-widget_type=\"image.default\">\n\t\t\t\t<div class=\"elementor-widget-container\">\n\t\t\t\t\t\t\t\t\t\t\t\t\t\t\t<img loading=\"lazy\" decoding=\"async\" width=\"683\" height=\"1024\" src=\"https:\/\/www.detinjstvo.rs\/wp-content\/uploads\/2025\/01\/image00030-1-683x1024.jpeg\" class=\"attachment-large size-large wp-image-576\" alt=\"\" srcset=\"https:\/\/www.detinjstvo.rs\/wp-content\/uploads\/2025\/01\/image00030-1-683x1024.jpeg 683w, https:\/\/www.detinjstvo.rs\/wp-content\/uploads\/2025\/01\/image00030-1-200x300.jpeg 200w, https:\/\/www.detinjstvo.rs\/wp-content\/uploads\/2025\/01\/image00030-1-768x1152.jpeg 768w, https:\/\/www.detinjstvo.rs\/wp-content\/uploads\/2025\/01\/image00030-1-1024x1536.jpeg 1024w, https:\/\/www.detinjstvo.rs\/wp-content\/uploads\/2025\/01\/image00030-1-1365x2048.jpeg 1365w, https:\/\/www.detinjstvo.rs\/wp-content\/uploads\/2025\/01\/image00030-1-scaled.jpeg 1707w\" sizes=\"(max-width: 683px) 100vw, 683px\" \/>\t\t\t\t\t\t\t\t\t\t\t\t\t\t\t<\/div>\n\t\t\t\t<\/div>\n\t\t\t\t<\/div>\n\t\t<div class=\"elementor-element elementor-element-461fa3b e-con-full e-flex e-con e-child\" data-id=\"461fa3b\" data-element_type=\"container\">\n\t\t\t\t<div class=\"elementor-element elementor-element-f9cef6d elementor-widget elementor-widget-heading\" data-id=\"f9cef6d\" data-element_type=\"widget\" data-widget_type=\"heading.default\">\n\t\t\t\t<div class=\"elementor-widget-container\">\n\t\t\t\t\t<h2 class=\"elementor-heading-title elementor-size-default\">Movie birthday \n<\/h2>\t\t\t\t<\/div>\n\t\t\t\t<\/div>\n\t\t\t\t<div class=\"elementor-element elementor-element-fb82f3a elementor-widget elementor-widget-heading\" data-id=\"fb82f3a\" data-element_type=\"widget\" data-widget_type=\"heading.default\">\n\t\t\t\t<div class=\"elementor-widget-container\">\n\t\t\t\t\t<h2 class=\"elementor-heading-title elementor-size-default\">This birthday is the real adventure!<\/br><\/br> Through various games and puzzles, children will travel into the world of fantasy, solve challenges, overcome obstacles, and discover secrets that only the youngest can unravel.<\/br><\/br> In addition, by connecting knowledge from various fields, we will unconsciously work on acquiring letters and early reading skills. <\/br><\/br>This birthday is perfect for children who love action, thinking, and challenges, as well as for those who want to spend unforgettable moments in a friendly environment. <\/h2>\t\t\t\t<\/div>\n\t\t\t\t<\/div>\n\t\t\t\t<\/div>\n\t\t\t\t<\/div>\n\t\t\t\t<\/div>\n\t\t\t\t\t<\/div>\n\t\t\t\t<\/div>\n\t\t<div class=\"elementor-element elementor-element-659b3ce e-flex e-con-boxed e-con e-parent\" data-id=\"659b3ce\" data-element_type=\"container\">\n\t\t\t\t\t<div class=\"e-con-inner\">\n\t\t<div class=\"elementor-element elementor-element-7ab2fc8 e-con-full e-flex e-con e-child\" data-id=\"7ab2fc8\" data-element_type=\"container\">\n\t\t<div class=\"elementor-element elementor-element-18453a0 e-con-full e-flex e-con e-child\" data-id=\"18453a0\" data-element_type=\"container\">\n\t\t<div class=\"elementor-element elementor-element-11d232e e-con-full e-flex e-con e-child\" data-id=\"11d232e\" data-element_type=\"container\">\n\t\t\t\t<div class=\"elementor-element elementor-element-18891f5 elementor-widget elementor-widget-heading\" data-id=\"18891f5\" data-element_type=\"widget\" data-widget_type=\"heading.default\">\n\t\t\t\t<div class=\"elementor-widget-container\">\n\t\t\t\t\t<h2 class=\"elementor-heading-title elementor-size-default\">Birthday with a theme of the celebrant's choice. \n<\/h2>\t\t\t\t<\/div>\n\t\t\t\t<\/div>\n\t\t\t\t<div class=\"elementor-element elementor-element-392ea50 elementor-widget elementor-widget-heading\" data-id=\"392ea50\" data-element_type=\"widget\" data-widget_type=\"heading.default\">\n\t\t\t\t<div class=\"elementor-widget-container\">\n\t\t\t\t\t<h2 class=\"elementor-heading-title elementor-size-default\">If you have a specific idea or favorite movie, character, or interest, we can design a birthday exactly according to the celebrant's wishes. <\/br><\/br>Whether it's a favorite superhero, a fairytale world, or a sports-themed birthday, we will make sure your idea comes to life. Our educators will carefully plan activities that match the theme and interests of the celebrant, creating an unforgettable experience for them and their friends. <\/br><\/br>\nThe \"Detinjstvo\" Educational Center offers a wide range of themed birthdays that combine learning, creativity, and fun. Whether your child loves science, art, movies, or games, you'll find the perfect option with us.<\/br><\/br> Visit us and let your little birthday star have a celebration they'll talk about for a long time!\n\n<\/h2>\t\t\t\t<\/div>\n\t\t\t\t<\/div>\n\t\t\t\t<div class=\"elementor-element elementor-element-8d296df elementor-widget elementor-widget-heading\" data-id=\"8d296df\" data-element_type=\"widget\" data-widget_type=\"heading.default\">\n\t\t\t\t<div class=\"elementor-widget-container\">\n\t\t\t\t\t<h2 class=\"elementor-heading-title elementor-size-default\"><a href=\"https:\/\/www.detinjstvo.rs\/en\/kontakt\/\"><b><u>Contact us<\/u><\/b><\/a> For more information and to make a reservation.<\/h2>\t\t\t\t<\/div>\n\t\t\t\t<\/div>\n\t\t\t\t<\/div>\n\t\t<div class=\"elementor-element elementor-element-84028cb e-con-full e-flex e-con e-child\" data-id=\"84028cb\" data-element_type=\"container\">\n\t\t\t\t<div class=\"elementor-element elementor-element-739ddfd elementor-widget elementor-widget-image\" data-id=\"739ddfd\" data-element_type=\"widget\" data-widget_type=\"image.default\">\n\t\t\t\t<div class=\"elementor-widget-container\">\n\t\t\t\t\t\t\t\t\t\t\t\t\t\t\t<img loading=\"lazy\" decoding=\"async\" width=\"768\" height=\"1024\" src=\"https:\/\/www.detinjstvo.rs\/wp-content\/uploads\/2025\/01\/image00017-768x1024.jpeg\" class=\"attachment-large size-large wp-image-529\" alt=\"\" srcset=\"https:\/\/www.detinjstvo.rs\/wp-content\/uploads\/2025\/01\/image00017-768x1024.jpeg 768w, https:\/\/www.detinjstvo.rs\/wp-content\/uploads\/2025\/01\/image00017-225x300.jpeg 225w, https:\/\/www.detinjstvo.rs\/wp-content\/uploads\/2025\/01\/image00017-1152x1536.jpeg 1152w, https:\/\/www.detinjstvo.rs\/wp-content\/uploads\/2025\/01\/image00017.jpeg 1200w\" sizes=\"(max-width: 768px) 100vw, 768px\" \/>\t\t\t\t\t\t\t\t\t\t\t\t\t\t\t<\/div>\n\t\t\t\t<\/div>\n\t\t\t\t<\/div>\n\t\t\t\t<\/div>\n\t\t\t\t<\/div>\n\t\t\t\t\t<\/div>\n\t\t\t\t<\/div>\n\t\t\t\t<\/div>","protected":false},"excerpt":{"rendered":"<p>RO\u0110ENDANI U Edukativnom centru \u201eDetinjstvo\u201c verujemo da je svaki ro\u0111endan prilika da deca u\u010de, istra\u017euju i zabavljaju se kroz kreativne aktivnosti. Na\u0161i tematski ro\u0111endani su savr\u0161ena kombinacija igre, edukacije i zabave, prilago\u0111ena interesovanjima i uzrastu slavljenika. Izbor je raznolik, a svaki ro\u0111endan osmi\u0161ljen je tako da stimuli\u0161e ma\u0161tu, timski rad i razvoj novih ve\u0161tina. Eksperimentalni [&hellip;]<\/p>","protected":false},"author":1,"featured_media":0,"parent":0,"menu_order":0,"comment_status":"closed","ping_status":"closed","template":"","meta":{"footnotes":""},"class_list":["post-377","page","type-page","status-publish","hentry"],"_links":{"self":[{"href":"https:\/\/www.detinjstvo.rs\/en\/wp-json\/wp\/v2\/pages\/377","targetHints":{"allow":["GET"]}}],"collection":[{"href":"https:\/\/www.detinjstvo.rs\/en\/wp-json\/wp\/v2\/pages"}],"about":[{"href":"https:\/\/www.detinjstvo.rs\/en\/wp-json\/wp\/v2\/types\/page"}],"author":[{"embeddable":true,"href":"https:\/\/www.detinjstvo.rs\/en\/wp-json\/wp\/v2\/users\/1"}],"replies":[{"embeddable":true,"href":"https:\/\/www.detinjstvo.rs\/en\/wp-json\/wp\/v2\/comments?post=377"}],"version-history":[{"count":43,"href":"https:\/\/www.detinjstvo.rs\/en\/wp-json\/wp\/v2\/pages\/377\/revisions"}],"predecessor-version":[{"id":1053,"href":"https:\/\/www.detinjstvo.rs\/en\/wp-json\/wp\/v2\/pages\/377\/revisions\/1053"}],"wp:attachment":[{"href":"https:\/\/www.detinjstvo.rs\/en\/wp-json\/wp\/v2\/media?parent=377"}],"curies":[{"name":"wp","href":"https:\/\/api.w.org\/{rel}","templated":true}]}}